{"id":129,"date":"2015-05-13T18:53:30","date_gmt":"2015-05-13T16:53:30","guid":{"rendered":"http:\/\/retortillo.ink\/?page_id=129"},"modified":"2015-05-13T18:53:30","modified_gmt":"2015-05-13T16:53:30","slug":"dime-que-no-es-verdad-cap-2","status":"publish","type":"page","link":"https:\/\/retortillo.ink\/?page_id=129","title":{"rendered":"DIME QUE NO ES VERDAD (cap. 2)"},"content":{"rendered":"<p><strong>Cap\u00edtulo 2<br \/>\nDiego dej\u00f3 a su madre en casa, recomend\u00f3 a Cecilia, la se\u00f1ora que llevaba m\u00e1s de treinta a\u00f1os en la casa, y que ya era considerada una m\u00e1s de la familia, que le preparara algo de cenar a su madre y que luego se acostara y se fue a buscar a Susana a la librer\u00eda. Estaba ya recogiendo y preparada para cerrar cuando lleg\u00f3.<br \/>\n&#8211; \u00bfC\u00f3mo est\u00e1 tu padre?<br \/>\n&#8211; Bien, dentro de la gravedad. Aunque tampoco es que nos hayan dicho gran cosa. Ya sabes c\u00f3mo funciona esto. Hasta ma\u00f1ana hay que esperar a ve c\u00f3mo evoluciona. Yo siempre pienso cuando oigo decir esto, que as\u00ed es m\u00e9dico cualquiera. Nos ha jodido. Hay que esperar a ver c\u00f3mo evoluciona, o sea, hay que esperar a ver si se muere o no. Si sigue viviendo estupendo y si no, pues mala suerte.<br \/>\n&#8211; \u00bfQu\u00e9 van a decir los m\u00e9dicos? Los m\u00e9dicos dicen lo que tienen que decir, ni m\u00e1s ni menos. O es que te crees que son adivinos. Hay enfermedades, como es el caso, en que no hay previsiones que hacer porque no depende de que el cirujano sea diestro en el manejo del bistur\u00ed, por ejemplo, sino que es el propio organismo el que decidir\u00e1 cu\u00e1l va a ser el resultado final. Ellos lo m\u00e1s que pueden hacer es mantener al enfermo estabilizado, vigilado o sedado&#8230; En definitiva: cuidado, pero nada m\u00e1s. \u00bfPor qu\u00e9 crees que se llama \u201cunidad de cuidados intensivos\u201d?<br \/>\n&#8211; Hablas como si fueras m\u00e9dico y tuvieras que defenderte &#8211; respondi\u00f3 Diego bastante enfadado por lo que consideraba una actitud ofensiva por parte de su mujer.<br \/>\n&#8211; No digas tonter\u00edas. No hace falta ser m\u00e9dico para opinar como lo hago yo. Cualquier persona de cultura media sabe que la medicina llega hasta donde llega y nada m\u00e1s. Un m\u00e9dico sutura una herida, receta un antibi\u00f3tico pero nada puede hacer en los primeros momentos del infarto (salvo administrar ox\u00edgeno o alg\u00fan medicamento si hay fuerte dolor) y hay que esperar a ver cu\u00e1l es el da\u00f1o producido para decidir realizar un bypass o cualquier otra intervenci\u00f3n coronaria. De ah\u00ed que te hayan dicho que es necesario esperar a ma\u00f1ana.<br \/>\nDiego no respondi\u00f3 pues sab\u00eda que su mujer ten\u00eda raz\u00f3n. As\u00ed que salieron de la librer\u00eda. Susana cerr\u00f3 la puerta y montaron en el coche camino de casa. Ella iba pensando en qu\u00e9 suceder\u00eda en el caso de que a su suegro le pasara algo. \u00bfSer\u00eda la que dirigir\u00eda la librer\u00eda o quiz\u00e1 el vago de Pablo pasar\u00eda a controlar el negocio? Sin darse tiempo a contestarse a s\u00ed misma, pregunt\u00f3 a su marido:<br \/>\n&#8211; \u00bfQui\u00e9n llevar\u00e1 la librer\u00eda en caso de que a tu padre le suceda algo?<br \/>\nDiego se qued\u00f3 callado pues la pregunta le pill\u00f3 de sorpresa. Pens\u00f3 un momento en la situaci\u00f3n de sus hermanos y en la suya propia y dijo:<br \/>\n&#8211; Supongo que al principio ser\u00edas t\u00fa la que continuar\u00eda con el negocio. Paula es profesora de literatura en un instituto, yo trabajo en el banco y no creo que Pablo tenga muchas ganas de encerrarse entre las paredes y estanter\u00edas de la librer\u00eda; conociendo cu\u00e1l es su filosof\u00eda de la vida, estoy seguro de que estar\u00e1 encantado de que seas t\u00fa la que contin\u00fae con el negocio.<br \/>\n&#8211; \u00bfQu\u00e9 quieres decir con \u201cal principio\u201d?<br \/>\n&#8211; Pues que mientras mi madre no decida otra cosa, la librer\u00eda seguir\u00eda funcionando como siempre ha hecho a lo largo de los \u00faltimos treinta y tantos a\u00f1os. Hombre, supongo que habr\u00eda que contratar a una persona para que te ayudara. T\u00fa sola no puedes con todo el trabajo. Pero ser\u00e1 mi madre la que decida si contin\u00faa o no con ella.<br \/>\n&#8211; Bueno, ya est\u00e1 Cecilia que viene a ayudar tres tardes a la semana.<br \/>\n&#8211; Ya, pero aun as\u00ed, necesitar\u00e1s a otra persona que venga todos los d\u00edas. Cecilia ahora tendr\u00eda que dedicarle m\u00e1s tiempo a mi madre.<br \/>\nHubo un peque\u00f1o silencio pues a Diego no le estaba gustando nada el que hablaran como si su padre ya hubiera muerto. Por eso le pegunt\u00f3 a su mujer:<br \/>\n&#8211; Pero \u00bfpor qu\u00e9 te preocupa tanto lo que va a pasar con la librer\u00eda?<br \/>\n&#8211; \u00a1Anda, este! Porque es parte de mi vida. \u00a1O es que no sabes que llevo casi diez a\u00f1os trabajando en ella! Y porque no podemos permitirnos el lujo de prescindir de otro sueldo.<br \/>\nDiego not\u00f3 un cierto reproche en las \u00faltimas palabras de su mujer. De ah\u00ed que su repuesta fuera m\u00e1s un ataque que otra cosa.<br \/>\n&#8211; S\u00ed, cierto. Llevas trabajando desde que te casaste conmigo &#8211; respondi\u00f3 Diego sin poder ocultar el desd\u00e9n -. Y por suerte o desgracia el pr\u00f3ximo mes se cumplir\u00e1 el und\u00e9cimo aniversario de tal evento.<br \/>\n&#8211; \u00bfMe vas a echar en cara ahora que trabajo en la librer\u00eda porque soy tu mujer? Que sepas que tu padre est\u00e1 encantado conmigo.<br \/>\n-S\u00ed, es cierto. Lo cual no significa que le seas de gran ayuda. Al menos eso dice mi padre cuando t\u00fa no est\u00e1s. Vamos que, si no fueras quien eres, te habr\u00eda despedido hace ya bastante tiempo. Aunque pens\u00e1ndolo bien, lo que me resulta un tanto misterioso es saber por qu\u00e9 est\u00e1 mi padre encantado contigo.<br \/>\n&#8211; Vete a la mierda. No s\u00e9 como puedo llevar tanto tiempo aguant\u00e1ndote. Eres un cre\u00eddo y un chulo asqueroso. Te crees alguien porque trabajas en un banco y lo que eres es un fracasado y un resentido. No soportas que tus padres quieran m\u00e1s a tus hermanos que a ti. Y aunque has hecho siempre lo que ellos han querido, porque cre\u00edas que as\u00ed te ibas a ganar sus favores, has comprobado que son Paula y Pablo los que se llevan lo mejor del cari\u00f1o de tus padres y t\u00fa solo las migajas, y a veces ni eso. Paula es la preferida de tu padre y el \u201cni\u00f1o\u201d es el ojito derecho de tu madre. Y \u00bft\u00fa? \u00bfQui\u00e9n eres t\u00fa? El alumno formal, el hijo buenecito, el adolescente callado, el que hace lo que le mandas, el que no te contradice nunca, el idiota que no sabe llamar a las cosas por su nombre. \u00a1Eso es lo que eres t\u00fa! Tanta carrera superior, tanta licenciatura en econ\u00f3micas para terminar trabajando en un banco como cualquier auxiliar.<br \/>\nDiego par\u00f3 el coche en medio de la calle. Ech\u00f3 el freno de mano con tanta violencia que a punto estuvo de romperlo y mirando a su mujer con ojos encendidos en sangre le espet\u00f3:<br \/>\n&#8211; No vuelvas a hablarme as\u00ed o te arrepentir\u00e1s. \u00bfMe oyes? \u00a1Nunca! \u00a1Nunca vuelvas a decirme algo semejante! Bastante injusto es que haya hecho a lo largo de toda mi vida lo que me mandaban hacer o lo que se supon\u00eda que deb\u00eda hacer un ni\u00f1o formal y estudioso; un joven sensato y trabajador; un hombre maduro y con un gran futuro y no haya tenido ninguna recompensa, para que encima t\u00fa vengas a ridiculizar todo por lo que he luchado y ha sido el motor de mi existencia. No desprecies mi forma de ser, si no te gusto, b\u00fascate a otro. Pero no te olvides de que siempre he hecho lo que consideraba que era mi deber. No he tenido que fingir como otros. Yo siempre he actuado con arreglo a una escala de valores, expresi\u00f3n que t\u00fa no sabes ni lo que significa, porque tu \u00fanica escala de valores es la de tener el armario ropero lleno de trapos que ponerte y la cuenta bancaria con saldo suficiente para gastar sin tino.<br \/>\n&#8211; Eres repugnante. \u00bfMe est\u00e1s acusando de venderme? \u00bfEs que te crees que soy una fulana? \u00bfAcaso te crees que no tuve pretendientes mejores que t\u00fa? \u00bfEs que el hecho de trabajar con tu padre quiere decir que me he vendido al mejor postor? \u00bfNo fue algo que decidimos ambos dos, cuando naci\u00f3 el ni\u00f1o, para as\u00ed tener mayor disponibilidad horaria y ganar al mismo tiempo algo de dinero que no nos ven\u00eda mal, ya que t\u00fa no es que ganaras un gran sueldo que digamos en el banco?<br \/>\n&#8211; \u00a1S\u00ed, as\u00ed es! \u2013 reconoci\u00f3 Diego -. Pero, dime, si no trabajaras en la librer\u00eda, \u00bfd\u00f3nde lo har\u00edas?, \u00bfeh?, \u00bfd\u00f3nde?<br \/>\n&#8211; Pues en el mismo sitio donde trabajaba cuando te conoc\u00ed a ti, que \u00a1maldita la hora!; \u00a1en el supermercado de mi barrio! Y ahora posiblemente ser\u00eda la encargada y puede que mi trabajo fuera algo m\u00e1s reconocido que en la librer\u00eda.<br \/>\n&#8211; Mira, vamos a dejarlo. No tengo ganas de seguir discutiendo contigo. Estoy cansado, ha sido un d\u00eda con demasiadas emociones.<br \/>\n&#8211; S\u00ed, eso. Vamos a dejarlo porque no dices m\u00e1s que tonter\u00edas.<br \/>\nLa mir\u00f3 con cierto desd\u00e9n cercano al desprecio, arranc\u00f3 de nuevo el coche y continuaron camino a casa.<br \/>\n<\/strong><\/p>\n","protected":false},"excerpt":{"rendered":"<p>Cap\u00edtulo 2 Diego dej\u00f3 a su madre en casa, recomend\u00f3 a Cecilia, la se\u00f1ora que llevaba m\u00e1s de treinta a\u00f1os en la casa, y que ya era considerada una m\u00e1s de la familia, que le preparara algo de cenar a su madre y que luego se acostara y se fue a buscar a Susana a &hellip; <a href=\"https:\/\/retortillo.ink\/?page_id=129\" class=\"more-link\">Continuar leyendo<span class=\"screen-reader-text\"> \u00abDIME QUE NO ES VERDAD (cap. 2)\u00bb<\/span><\/a><\/p>\n","protected":false},"author":2,"featured_media":0,"parent":0,"menu_order":0,"comment_status":"open","ping_status":"open","template":"","meta":[],"_links":{"self":[{"href":"https:\/\/retortillo.ink\/index.php?rest_route=\/wp\/v2\/pages\/129"}],"collection":[{"href":"https:\/\/retortillo.ink\/index.php?rest_route=\/wp\/v2\/pages"}],"about":[{"href":"https:\/\/retortillo.ink\/index.php?rest_route=\/wp\/v2\/types\/page"}],"author":[{"embeddable":true,"href":"https:\/\/retortillo.ink\/index.php?rest_route=\/wp\/v2\/users\/2"}],"replies":[{"embeddable":true,"href":"https:\/\/retortillo.ink\/index.php?rest_route=%2Fwp%2Fv2%2Fcomments&post=129"}],"version-history":[{"count":0,"href":"https:\/\/retortillo.ink\/index.php?rest_route=\/wp\/v2\/pages\/129\/revisions"}],"wp:attachment":[{"href":"https:\/\/retortillo.ink\/index.php?rest_route=%2Fwp%2Fv2%2Fmedia&parent=129"}],"curies":[{"name":"wp","href":"https:\/\/api.w.org\/{rel}","templated":true}]}}