{"id":228,"date":"2014-10-02T18:11:59","date_gmt":"2014-10-02T18:11:59","guid":{"rendered":"http:\/\/retortillo.ink\/acerca-del-autor\/"},"modified":"2014-10-02T18:11:59","modified_gmt":"2014-10-02T18:11:59","slug":"acerca-del-autor","status":"publish","type":"page","link":"https:\/\/retortillo.ink\/?page_id=228","title":{"rendered":"Acerca del autor"},"content":{"rendered":"<p>\u00abHASTA LUEGO\u00bb<br \/>\nUna vez fui joven y quise transmitir la emoci\u00f3n y el sentimiento que encierran las palabras. Por eso eleg\u00ed ser profesor. Fue dif\u00edcil ser consecuente con lo que ense\u00f1aba pero eso hizo fascinante la tarea. Trat\u00e9 de dar y a veces recib\u00ed m\u00e1s de lo que entregaba. Trat\u00e9 de ense\u00f1ar y aprend\u00ed que no todo es blanco o negro, que nadie es bueno o malo porque s\u00ed, que la VERDAD no existe y que s\u00f3lo el respeto, el cari\u00f1o y el afecto ense\u00f1an realmente. Que una palmada en el ho<span class=\"text_exposed_show\">mbro, una mirada indulgente produce mejor efecto que el reproche.<br \/>\nSeguramente me equivoqu\u00e9 muchas veces: lo s\u00e9 y lo siento. Y pido disculpas a todos aquellos que sufrieron mis iras y malos momentos.<br \/>\nHoy doy por cerrada una etapa de mi vida, la m\u00e1s importante seguramente, durante la que he conocido compa\u00f1eros maravillosos que son, sin embargo, amigos.<br \/>\nEchar\u00e9 de menos el aula que ya siempre ver\u00e9 vac\u00eda pero en mi mente conservar\u00e9 el recuerdo de todos aquellos que fuisteis alumnos y compa\u00f1eros, muy queridos.<br \/>\n\u00a1\u00a1\u00a1\u00a1\u00a1GRACIAS!!!!! Y&#8230;. HASTA LUEGO.<br \/>\nJose Retortillo<\/span><\/p>\n","protected":false},"excerpt":{"rendered":"<p>\u00abHASTA LUEGO\u00bb Una vez fui joven y quise transmitir la emoci\u00f3n y el sentimiento que encierran las palabras. Por eso eleg\u00ed ser profesor. Fue dif\u00edcil ser consecuente con lo que ense\u00f1aba pero eso hizo fascinante la tarea. Trat\u00e9 de dar y a veces recib\u00ed m\u00e1s de lo que entregaba. Trat\u00e9 de ense\u00f1ar y aprend\u00ed que &hellip; <a href=\"https:\/\/retortillo.ink\/?page_id=228\" class=\"more-link\">Continuar leyendo<span class=\"screen-reader-text\"> \u00abAcerca del autor\u00bb<\/span><\/a><\/p>\n","protected":false},"author":2,"featured_media":0,"parent":0,"menu_order":40,"comment_status":"closed","ping_status":"closed","template":"","meta":[],"_links":{"self":[{"href":"https:\/\/retortillo.ink\/index.php?rest_route=\/wp\/v2\/pages\/228"}],"collection":[{"href":"https:\/\/retortillo.ink\/index.php?rest_route=\/wp\/v2\/pages"}],"about":[{"href":"https:\/\/retortillo.ink\/index.php?rest_route=\/wp\/v2\/types\/page"}],"author":[{"embeddable":true,"href":"https:\/\/retortillo.ink\/index.php?rest_route=\/wp\/v2\/users\/2"}],"replies":[{"embeddable":true,"href":"https:\/\/retortillo.ink\/index.php?rest_route=%2Fwp%2Fv2%2Fcomments&post=228"}],"version-history":[{"count":0,"href":"https:\/\/retortillo.ink\/index.php?rest_route=\/wp\/v2\/pages\/228\/revisions"}],"wp:attachment":[{"href":"https:\/\/retortillo.ink\/index.php?rest_route=%2Fwp%2Fv2%2Fmedia&parent=228"}],"curies":[{"name":"wp","href":"https:\/\/api.w.org\/{rel}","templated":true}]}}